{"id":8,"date":"2026-01-13T10:36:31","date_gmt":"2026-01-13T10:36:31","guid":{"rendered":"https:\/\/prt5067a.mmiweb.iut-tlse3.fr\/?page_id=8"},"modified":"2026-01-13T10:36:31","modified_gmt":"2026-01-13T10:36:31","slug":"accueil","status":"publish","type":"page","link":"https:\/\/prt5067a.mmiweb.iut-tlse3.fr\/?page_id=8","title":{"rendered":"ACCUEIL"},"content":{"rendered":"\n<div class=\"wp-block-group alignfull is-style-section-1 has-background\" style=\"background-color:#505050;margin-top:0;margin-bottom:0;padding-top:var(--wp--preset--spacing--80);padding-bottom:var(--wp--preset--spacing--80)\"><div class=\"wp-block-group__inner-container is-layout-constrained wp-block-group-is-layout-constrained\">\n<div class=\"wp-block-columns alignwide is-layout-flex wp-container-core-columns-is-layout-5770a4fd wp-block-columns-is-layout-flex\">\n<div class=\"wp-block-column is-layout-flow wp-block-column-is-layout-flow\" style=\"padding-right:var(--wp--preset--spacing--50);flex-basis:45%\">\n<figure class=\"wp-block-image size-full\"><img decoding=\"async\" src=\"https:\/\/prt5067a.mmiweb.iut-tlse3.fr\/wp-content\/themes\/twentytwentyfive\/assets\/images\/red-hibiscus-closeup.webp\" alt=\"Photography close up of a red flower.\"\/><\/figure>\n\n\n\n<div class=\"wp-block-group\" style=\"margin-top:-12vw\"><div class=\"wp-block-group__inner-container is-layout-constrained wp-block-group-is-layout-constrained\"><div class=\"wp-block-image is-resized\">\n<figure class=\"alignright size-full\" style=\"margin-right:-5vw;margin-left:-5vw\"><img decoding=\"async\" src=\"https:\/\/prt5067a.mmiweb.iut-tlse3.fr\/wp-content\/themes\/twentytwentyfive\/assets\/images\/grid-flower-2.webp\" alt=\"Black and white photography close up of a flower.\" style=\"width:202px\"\/><\/figure>\n<\/div><\/div><\/div>\n<\/div>\n\n\n\n<div class=\"wp-block-column is-vertically-aligned-center is-layout-flow wp-block-column-is-layout-flow\" style=\"padding-right:0;padding-left:0;flex-basis:50%\">\n<div class=\"wp-block-group is-vertical is-layout-flex wp-container-core-group-is-layout-8cf370e7 wp-block-group-is-layout-flex\">\n<h1 class=\"wp-block-heading is-style-text-annotation\"><mark style=\"background-color:rgba(0, 0, 0, 0);color:#ee4b2b\" class=\"has-inline-color\">STUDIO MMI <\/mark><\/h1>\n<\/div>\n\n\n\n<p class=\"is-style-text-subtitle\"><mark style=\"background-color:rgba(0, 0, 0, 0);color:#ffffff\" class=\"has-inline-color\">Bienvenue aux \u00e9tudiants de MMI, sur ce site vous pourrez r\u00e9server le studio de l&rsquo;IUT. Il est \u00e0 votre disposition pour les projets de cours mais \u00e9galement des projets personnels. Vous pourriez acc\u00e9der \u00e0 des tuto vid\u00e9os pour vous aider ainsi qu&rsquo;\u00e0 des fiches techniques de mat\u00e9riels .<\/mark><\/p>\n<\/div>\n<\/div>\n<\/div><\/div>\n\n\n\n<div class=\"wp-block-group alignfull is-style-section-5\" style=\"margin-top:0;margin-bottom:0;padding-top:var(--wp--preset--spacing--50);padding-bottom:var(--wp--preset--spacing--50)\"><div class=\"wp-block-group__inner-container is-layout-constrained wp-block-group-is-layout-constrained\">\n<div class=\"wp-block-columns alignwide is-layout-flex wp-container-core-columns-is-layout-a2d7b65f wp-block-columns-is-layout-flex\">\n<div class=\"wp-block-column is-vertically-aligned-center is-layout-flow wp-block-column-is-layout-flow\" style=\"flex-basis:50%\">\n<h2 class=\"wp-block-heading\"><mark style=\"background-color:rgba(0, 0, 0, 0);color:#ee4b2b\" class=\"has-inline-color\">Avertissement ! <\/mark><\/h2>\n\n\n\n<p class=\"has-medium-font-size\">Le studio MMI est accessible \u00e0 tous les \u00e9tudiants de la formation, peu importe leur niveau g\u00e9n\u00e9ral, et n&rsquo;avantage en aucun cas un \u00e9tudiant par rapport \u00e0 un autre. Tout le monde peut le r\u00e9server et utiliser le mat\u00e9riel disponible dans le temps qui lui est imparti<\/p>\n<\/div>\n\n\n\n<div class=\"wp-block-column is-vertically-aligned-center is-layout-flow wp-block-column-is-layout-flow\" style=\"flex-basis:50%\">\n<figure class=\"wp-block-image size-full\"><img decoding=\"async\" src=\"https:\/\/prt5067a.mmiweb.iut-tlse3.fr\/wp-content\/themes\/twentytwentyfive\/assets\/images\/ruins-image.webp\" alt=\"Cliff Palace, Colorado\" style=\"aspect-ratio:1;object-fit:cover\"\/><\/figure>\n<\/div>\n<\/div>\n<\/div><\/div>\n\n\n\n<p><\/p>\n","protected":false},"excerpt":{"rendered":"<p>STUDIO MMI Bienvenue aux \u00e9tudiants de MMI, sur ce site vous pourrez r\u00e9server le studio de l&rsquo;IUT. Il est \u00e0 votre disposition pour les projets de cours mais \u00e9galement des projets personnels. Vous pourriez acc\u00e9der \u00e0 des tuto vid\u00e9os pour vous aider ainsi qu&rsquo;\u00e0 des fiches techniques de mat\u00e9riels . Avertissement ! Le studio MMI [&hellip;]<\/p>\n","protected":false},"author":1,"featured_media":0,"parent":0,"menu_order":0,"comment_status":"closed","ping_status":"closed","template":"","meta":{"footnotes":""},"class_list":["post-8","page","type-page","status-publish","hentry"],"_links":{"self":[{"href":"https:\/\/prt5067a.mmiweb.iut-tlse3.fr\/index.php?rest_route=\/wp\/v2\/pages\/8","targetHints":{"allow":["GET"]}}],"collection":[{"href":"https:\/\/prt5067a.mmiweb.iut-tlse3.fr\/index.php?rest_route=\/wp\/v2\/pages"}],"about":[{"href":"https:\/\/prt5067a.mmiweb.iut-tlse3.fr\/index.php?rest_route=\/wp\/v2\/types\/page"}],"author":[{"embeddable":true,"href":"https:\/\/prt5067a.mmiweb.iut-tlse3.fr\/index.php?rest_route=\/wp\/v2\/users\/1"}],"replies":[{"embeddable":true,"href":"https:\/\/prt5067a.mmiweb.iut-tlse3.fr\/index.php?rest_route=%2Fwp%2Fv2%2Fcomments&post=8"}],"version-history":[{"count":1,"href":"https:\/\/prt5067a.mmiweb.iut-tlse3.fr\/index.php?rest_route=\/wp\/v2\/pages\/8\/revisions"}],"predecessor-version":[{"id":9,"href":"https:\/\/prt5067a.mmiweb.iut-tlse3.fr\/index.php?rest_route=\/wp\/v2\/pages\/8\/revisions\/9"}],"wp:attachment":[{"href":"https:\/\/prt5067a.mmiweb.iut-tlse3.fr\/index.php?rest_route=%2Fwp%2Fv2%2Fmedia&parent=8"}],"curies":[{"name":"wp","href":"https:\/\/api.w.org\/{rel}","templated":true}]}}